{"id":13,"date":"2025-02-17T14:55:50","date_gmt":"2025-02-17T13:55:50","guid":{"rendered":"https:\/\/svum.info\/?page_id=13"},"modified":"2026-01-20T13:38:25","modified_gmt":"2026-01-20T12:38:25","slug":"domu","status":"publish","type":"page","link":"https:\/\/svum.info\/","title":{"rendered":"Dom\u016f"},"content":{"rendered":"\n<p style=\"letter-spacing:0.2px;line-height:2.3\">V\u00edtejte na webov\u00e9 str\u00e1nce spolku Sdru\u017een\u00ed v\u00fdtvarn\u00fdch um\u011blc\u016f moravsk\u00fdch. Spolek je nejstar\u0161\u00edm moravsk\u00fdm v\u00fdtvarn\u00fdm sdru\u017een\u00edm s v\u00fdznamn\u00fdmi \u010dleny a bohatou histori\u00ed. Mezi nejv\u00fdznam\u011bj\u0161\u00ed \u010dleny pat\u0159ili Jo\u017ea Uprka, Alois Kalvoda, Alfons Mucha, Stanisalv Lolek, Jan \u0160tursa, Jakub Obrovsk\u00fd.<\/p>\n\n\n\n<p><\/p>\n","protected":false},"excerpt":{"rendered":"<p>V\u00edtejte na webov\u00e9 str\u00e1nce spolku Sdru\u017een\u00ed v\u00fdtvarn\u00fdch um\u011blc\u016f moravsk\u00fdch. Spolek je nejstar\u0161\u00edm moravsk\u00fdm v\u00fdtvarn\u00fdm sdru\u017een\u00edm s v\u00fdznamn\u00fdmi \u010dleny a bohatou histori\u00ed. Mezi nejv\u00fdznam\u011bj\u0161\u00ed \u010dleny pat\u0159ili Jo\u017ea Uprka, Alois Kalvoda, Alfons Mucha, Stanisalv Lolek, Jan \u0160tursa, Jakub Obrovsk\u00fd.<\/p>\n","protected":false},"author":1,"featured_media":148,"parent":0,"menu_order":0,"comment_status":"closed","ping_status":"closed","template":"","meta":{"footnotes":""},"class_list":["post-13","page","type-page","status-publish","has-post-thumbnail","hentry"],"_links":{"self":[{"href":"https:\/\/svum.info\/index.php?rest_route=\/wp\/v2\/pages\/13","targetHints":{"allow":["GET"]}}],"collection":[{"href":"https:\/\/svum.info\/index.php?rest_route=\/wp\/v2\/pages"}],"about":[{"href":"https:\/\/svum.info\/index.php?rest_route=\/wp\/v2\/types\/page"}],"author":[{"embeddable":true,"href":"https:\/\/svum.info\/index.php?rest_route=\/wp\/v2\/users\/1"}],"replies":[{"embeddable":true,"href":"https:\/\/svum.info\/index.php?rest_route=%2Fwp%2Fv2%2Fcomments&post=13"}],"version-history":[{"count":14,"href":"https:\/\/svum.info\/index.php?rest_route=\/wp\/v2\/pages\/13\/revisions"}],"predecessor-version":[{"id":334,"href":"https:\/\/svum.info\/index.php?rest_route=\/wp\/v2\/pages\/13\/revisions\/334"}],"wp:featuredmedia":[{"embeddable":true,"href":"https:\/\/svum.info\/index.php?rest_route=\/wp\/v2\/media\/148"}],"wp:attachment":[{"href":"https:\/\/svum.info\/index.php?rest_route=%2Fwp%2Fv2%2Fmedia&parent=13"}],"curies":[{"name":"wp","href":"https:\/\/api.w.org\/{rel}","templated":true}]}}