{"id":14,"date":"2025-02-17T14:55:50","date_gmt":"2025-02-17T13:55:50","guid":{"rendered":"https:\/\/svum.info\/?page_id=14"},"modified":"2026-02-03T19:39:13","modified_gmt":"2026-02-03T18:39:13","slug":"o-nas","status":"publish","type":"page","link":"https:\/\/svum.info\/?page_id=14","title":{"rendered":"O n\u00e1s"},"content":{"rendered":"\n<p style=\"letter-spacing:0.5px;line-height:1.5\">Sdru\u017een\u00ed v\u00fdtvarn\u00fdch um\u011blc\u016f moravsk\u00fdch Hodon\u00edn pat\u0159\u00ed mezi nejstar\u0161\u00ed um\u011bleck\u00e9 spolky u n\u00e1s. <br>Bylo zalo\u017eeno v roce 1907 a mezi zakl\u00e1daj\u00edc\u00ed \u010dleny pat\u0159ily v\u00fdrazn\u00e9 osobnosti tehdej\u0161\u00edho um\u011bleck\u00e9ho \u017eivota, nap\u0159. Jo\u017ea Uprka, Max \u0160vabinsk\u00fd, Jakub Obrovsk\u00fd aj. Tak jako jin\u00e9 um\u011bleck\u00e9 spolky, byl i SVUM v pades\u00e1t\u00fdch letech minul\u00e9ho stolet\u00ed zru\u0161en a jeho \u010dinnost byla obnovena a\u017e v prosinci roku 1990. V sou\u010dasn\u00e9 dob\u011b m\u00e1 SVUM p\u0159es 20 \u010dlen\u016f\/nek a p\u0159edstavuje otev\u0159en\u00fd a modern\u00ed spolek. Um\u011bleck\u00e1 tvorba \u010dlen\u016f sdru\u017een\u00ed se t\u011b\u0161\u00ed \u0161irok\u00e9mu z\u00e1jmu n\u00e1v\u0161t\u011bvn\u00edk\u016f galeri\u00ed a v\u00fdtvarn\u00fdch s\u00edn\u00ed v Hodon\u00edn\u011b <br>i v \u0159ad\u011b m\u00edst na Morav\u011b a v \u010cech\u00e1ch. Od roku 1991 p\u0159ipravil SVUM n\u011bkolik des\u00edtek v\u00fdstav sv\u00fdch \u010dlen\u016f a hostuj\u00edc\u00edch um\u011blc\u016f nap\u0159. v Praze, Brn\u011b, Zl\u00edn\u011b, Uhersk\u00e9m Hradi\u0161ti, Ostrav\u011b, Olomouci aj. V Galerii v\u00fdtvarn\u00e9ho um\u011bn\u00ed v Hodon\u00edn\u011b spolek organizoval v\u00fdstavn\u00ed cyklus Mlad\u00ed host\u00e9 SVUM.<\/p>\n\n\n\n<p style=\"letter-spacing:0.5px;line-height:1.6\">Klub p\u0159\u00e1tel SVUM po\u0159\u00e1d\u00e1 besedy a pozn\u00e1vac\u00ed z\u00e1jezdy do v\u00fdznamn\u00fdch zahrani\u010dn\u00edch galeri\u00ed a muze\u00ed. Sdru\u017een\u00ed v\u00fdtvarn\u00fdch um\u011blc\u016f moravsk\u00fdch v Hodon\u00edn\u011b v\u00fdrazn\u00fdm zp\u016fsobem ovliv\u0148uje kulturn\u00ed d\u011bn\u00ed nejen v regionu, co\u017e dokl\u00e1d\u00e1 i Cena za p\u0159\u00ednos hodon\u00ednsk\u00e9 spole\u010dnosti za rok 2007 ud\u011blen\u00e1 M\u011bstem Hodon\u00edn, <br>ale sv\u00fdm v\u00fdznamem se stalo ned\u00edlnou sou\u010d\u00e1st\u00ed dne\u0161n\u00edho kulturn\u00edho \u017eivota.<\/p>\n","protected":false},"excerpt":{"rendered":"<p>Sdru\u017een\u00ed v\u00fdtvarn\u00fdch um\u011blc\u016f moravsk\u00fdch Hodon\u00edn pat\u0159\u00ed mezi nejstar\u0161\u00ed um\u011bleck\u00e9 spolky u n\u00e1s. Bylo zalo\u017eeno v roce 1907 a mezi zakl\u00e1daj\u00edc\u00ed \u010dleny pat\u0159ily v\u00fdrazn\u00e9 osobnosti tehdej\u0161\u00edho um\u011bleck\u00e9ho \u017eivota, nap\u0159. Jo\u017ea Uprka, Max \u0160vabinsk\u00fd, Jakub Obrovsk\u00fd aj. Tak jako jin\u00e9 um\u011bleck\u00e9 spolky, byl i SVUM v pades\u00e1t\u00fdch letech minul\u00e9ho stolet\u00ed zru\u0161en a jeho \u010dinnost byla obnovena a\u017e &hellip; <\/p>\n<p class=\"link-more\"><a href=\"https:\/\/svum.info\/?page_id=14\" class=\"more-link\">Pokra\u010dovat ve \u010dten\u00ed<span class=\"screen-reader-text\"> &#8222;O n\u00e1s&#8220;<\/span><\/a><\/p>\n","protected":false},"author":1,"featured_media":147,"parent":0,"menu_order":0,"comment_status":"closed","ping_status":"closed","template":"","meta":{"footnotes":""},"class_list":["post-14","page","type-page","status-publish","has-post-thumbnail","hentry"],"_links":{"self":[{"href":"https:\/\/svum.info\/index.php?rest_route=\/wp\/v2\/pages\/14","targetHints":{"allow":["GET"]}}],"collection":[{"href":"https:\/\/svum.info\/index.php?rest_route=\/wp\/v2\/pages"}],"about":[{"href":"https:\/\/svum.info\/index.php?rest_route=\/wp\/v2\/types\/page"}],"author":[{"embeddable":true,"href":"https:\/\/svum.info\/index.php?rest_route=\/wp\/v2\/users\/1"}],"replies":[{"embeddable":true,"href":"https:\/\/svum.info\/index.php?rest_route=%2Fwp%2Fv2%2Fcomments&post=14"}],"version-history":[{"count":11,"href":"https:\/\/svum.info\/index.php?rest_route=\/wp\/v2\/pages\/14\/revisions"}],"predecessor-version":[{"id":373,"href":"https:\/\/svum.info\/index.php?rest_route=\/wp\/v2\/pages\/14\/revisions\/373"}],"wp:featuredmedia":[{"embeddable":true,"href":"https:\/\/svum.info\/index.php?rest_route=\/wp\/v2\/media\/147"}],"wp:attachment":[{"href":"https:\/\/svum.info\/index.php?rest_route=%2Fwp%2Fv2%2Fmedia&parent=14"}],"curies":[{"name":"wp","href":"https:\/\/api.w.org\/{rel}","templated":true}]}}