{"id":36,"date":"2025-02-17T15:09:56","date_gmt":"2025-02-17T14:09:56","guid":{"rendered":"https:\/\/svum.info\/?page_id=36"},"modified":"2026-03-03T08:57:08","modified_gmt":"2026-03-03T07:57:08","slug":"soucasni-clenove","status":"publish","type":"page","link":"https:\/\/svum.info\/?page_id=36","title":{"rendered":"Sou\u010dasn\u00ed \u010dlenov\u00e9"},"content":{"rendered":"\n<figure class=\"wp-block-image size-large\"><img loading=\"lazy\" decoding=\"async\" width=\"1024\" height=\"683\" src=\"https:\/\/svum.info\/wp-content\/uploads\/2025\/06\/Spolek_SVUM_dnes-1024x683.jpg\" alt=\"\" class=\"wp-image-181\" srcset=\"https:\/\/svum.info\/wp-content\/uploads\/2025\/06\/Spolek_SVUM_dnes-1024x683.jpg 1024w, https:\/\/svum.info\/wp-content\/uploads\/2025\/06\/Spolek_SVUM_dnes-300x200.jpg 300w, https:\/\/svum.info\/wp-content\/uploads\/2025\/06\/Spolek_SVUM_dnes-768x512.jpg 768w, https:\/\/svum.info\/wp-content\/uploads\/2025\/06\/Spolek_SVUM_dnes-1536x1024.jpg 1536w, https:\/\/svum.info\/wp-content\/uploads\/2025\/06\/Spolek_SVUM_dnes-2048x1365.jpg 2048w\" sizes=\"auto, (max-width: 767px) 89vw, (max-width: 1000px) 54vw, (max-width: 1071px) 543px, 580px\" \/><\/figure>\n\n\n\n<div class=\"wp-block-group is-vertical is-content-justification-left is-layout-flex wp-container-core-group-is-layout-41619b2b wp-block-group-is-layout-flex\">\n<p style=\"letter-spacing:0.2px;line-height:2.3\">Milan Bruchter<\/p>\n\n\n\n<p style=\"letter-spacing:0.2px;line-height:2.3\"><a href=\"http:\/\/www.janbuchta.cz\">Jan Buchta<\/a> \u2013 tajemn\u00edk SVUM<\/p>\n\n\n\n<p style=\"letter-spacing:0.2px;line-height:2.3\"><a href=\"https:\/\/www.instagram.com\/petrbulava.art\/\" data-type=\"link\" data-id=\"https:\/\/www.instagram.com\/petrbulava.art\/\">Petr Bulava<\/a><\/p>\n\n\n\n<p style=\"letter-spacing:0.2px;line-height:2.3\">Josef Fantura<\/p>\n\n\n\n<p style=\"letter-spacing:0.2px;line-height:2.3\">Karel Frantel <\/p>\n\n\n\n<p style=\"letter-spacing:0.2px;line-height:2.3\">Jaroslava Gar\u0161icov\u00e1<\/p>\n\n\n\n<p style=\"letter-spacing:0.2px;line-height:2.3\">Viktor Kova\u010d<\/p>\n\n\n\n<p style=\"letter-spacing:0.2px;line-height:2.3\">Karel K\u0159iv\u00e1nek<\/p>\n\n\n\n<p style=\"letter-spacing:0.2px;line-height:2.3\"><a href=\"https:\/\/www.instagram.com\/dagmar_jahodova\/\" data-type=\"link\" data-id=\"https:\/\/www.instagram.com\/dagmar_jahodova\/\">Dagmar Jahodov\u00e1<\/a><\/p>\n\n\n\n<p style=\"letter-spacing:0.2px;line-height:2.3\">Libor Ju\u0159ena<\/p>\n\n\n\n<p style=\"letter-spacing:0.2px;line-height:2.3\">Vlastimil Mahdal<\/p>\n\n\n\n<p style=\"letter-spacing:0.2px;line-height:2.3\">MgA. Anton\u00edn Mach<\/p>\n\n\n\n<p style=\"letter-spacing:0.2px;line-height:2.3\"><a href=\"http:\/\/jaromirmicka.cz\/\" data-type=\"link\" data-id=\"http:\/\/jaromirmicka.cz\/\">Jarom\u00edr M\u00ed\u010dka<\/a><\/p>\n\n\n\n<p style=\"letter-spacing:0.2px;line-height:2.3\">Kamil Mikel<\/p>\n\n\n\n<p style=\"letter-spacing:0.2px;line-height:2.3\">Eva Milotov\u00e1<\/p>\n\n\n\n<p style=\"letter-spacing:0.2px;line-height:2.3\">Jana Ondru\u0161ov\u00e1 &#8211; W\u00fcnchov\u00e1<\/p>\n\n\n\n<p style=\"letter-spacing:0.2px;line-height:2.3\"><a href=\"http:\/\/www.instagram.com\/petr_vcelka_artist\" data-type=\"link\" data-id=\"http:\/\/www.instagram.com\/petr_vcelka_artist\">Petr V\u010delka<\/a><\/p>\n\n\n\n<p style=\"letter-spacing:0.2px;line-height:2.3\">Jan Posp\u00ed\u0161il<\/p>\n\n\n\n<p style=\"letter-spacing:0.2px;line-height:2.3\"><a href=\"http:\/\/adamprochazka.wixsite.com\/olejomalba\" data-type=\"link\" data-id=\"adamprochazka.wixsite.com\/olejomalba\">Adam Proch\u00e1zka<\/a><\/p>\n\n\n\n<p style=\"letter-spacing:0.2px;line-height:2.3\">Milan Ra\u0161ka &#8211; p\u0159edseda SVUM<\/p>\n\n\n\n<p style=\"letter-spacing:0.2px;line-height:2.3\"><a href=\"http:\/\/www.raska-petr.cz\" data-type=\"link\" data-id=\"www.raska-petr.cz\"> Petr Ra\u0161ka<\/a><\/p>\n\n\n\n<p style=\"letter-spacing:0.2px;line-height:2.3\">Franti\u0161ek Schulz<\/p>\n\n\n\n<p style=\"letter-spacing:0.2px;line-height:2.3\"><a href=\"https:\/\/www.instagram.com\/pavol_strucka\/\" data-type=\"link\" data-id=\"https:\/\/www.instagram.com\/pavol_strucka\/\">Pavol Stru\u010dka<\/a><\/p>\n\n\n\n<p style=\"letter-spacing:0.2px;line-height:2.3\">Old\u0159ich \u0160t\u011bp\u00e1nek \/Kostelec u Kyjova\/<\/p>\n\n\n\n<p style=\"letter-spacing:0.2px;line-height:2.3\"><a href=\"https:\/\/www.vinaart.cz\/vytvarna-galerie\" data-type=\"link\" data-id=\"https:\/\/www.vinaart.cz\/vytvarna-galerie\">Bo\u017eena Uhrov\u00e1<\/a><\/p>\n\n\n\n<p style=\"letter-spacing:0.2px;line-height:2.3\">Daniela Satkeov\u00e1 \u2013 vedouc\u00ed klubu SVUM<\/p>\n\n\n\n<p style=\"letter-spacing:0.2px;line-height:2.3\">Radom\u00edr Satke \u2013 hospod\u00e1\u0159<\/p>\n<\/div>\n","protected":false},"excerpt":{"rendered":"<p>Milan Bruchter Jan Buchta \u2013 tajemn\u00edk SVUM Petr Bulava Josef Fantura Karel Frantel Jaroslava Gar\u0161icov\u00e1 Viktor Kova\u010d Karel K\u0159iv\u00e1nek Dagmar Jahodov\u00e1 Libor Ju\u0159ena Vlastimil Mahdal MgA. Anton\u00edn Mach Jarom\u00edr M\u00ed\u010dka Kamil Mikel Eva Milotov\u00e1 Jana Ondru\u0161ov\u00e1 &#8211; W\u00fcnchov\u00e1 Petr V\u010delka Jan Posp\u00ed\u0161il Adam Proch\u00e1zka Milan Ra\u0161ka &#8211; p\u0159edseda SVUM Petr Ra\u0161ka Franti\u0161ek Schulz Pavol Stru\u010dka &hellip; <\/p>\n<p class=\"link-more\"><a href=\"https:\/\/svum.info\/?page_id=36\" class=\"more-link\">Pokra\u010dovat ve \u010dten\u00ed<span class=\"screen-reader-text\"> &#8222;Sou\u010dasn\u00ed \u010dlenov\u00e9&#8220;<\/span><\/a><\/p>\n","protected":false},"author":1,"featured_media":0,"parent":0,"menu_order":0,"comment_status":"closed","ping_status":"closed","template":"","meta":{"footnotes":""},"class_list":["post-36","page","type-page","status-publish","hentry"],"_links":{"self":[{"href":"https:\/\/svum.info\/index.php?rest_route=\/wp\/v2\/pages\/36","targetHints":{"allow":["GET"]}}],"collection":[{"href":"https:\/\/svum.info\/index.php?rest_route=\/wp\/v2\/pages"}],"about":[{"href":"https:\/\/svum.info\/index.php?rest_route=\/wp\/v2\/types\/page"}],"author":[{"embeddable":true,"href":"https:\/\/svum.info\/index.php?rest_route=\/wp\/v2\/users\/1"}],"replies":[{"embeddable":true,"href":"https:\/\/svum.info\/index.php?rest_route=%2Fwp%2Fv2%2Fcomments&post=36"}],"version-history":[{"count":23,"href":"https:\/\/svum.info\/index.php?rest_route=\/wp\/v2\/pages\/36\/revisions"}],"predecessor-version":[{"id":393,"href":"https:\/\/svum.info\/index.php?rest_route=\/wp\/v2\/pages\/36\/revisions\/393"}],"wp:attachment":[{"href":"https:\/\/svum.info\/index.php?rest_route=%2Fwp%2Fv2%2Fmedia&parent=36"}],"curies":[{"name":"wp","href":"https:\/\/api.w.org\/{rel}","templated":true}]}}